{"id":199,"date":"2023-05-19T16:50:24","date_gmt":"2023-05-19T16:50:24","guid":{"rendered":"https:\/\/gsiprd0210cc0494aodawebapwv8f23.azurewebsites.net\/?page_id=199"},"modified":"2024-08-06T23:07:12","modified_gmt":"2024-08-07T03:07:12","slug":"plan-du-site","status":"publish","type":"page","link":"https:\/\/accessforward.ca\/fr\/plan-du-site\/","title":{"rendered":"Plan du site"},"content":{"rendered":"<div class=\"fusion-fullwidth fullwidth-box fusion-builder-row-1 fusion-flex-container has-pattern-background has-mask-background nonhundred-percent-fullwidth non-hundred-percent-height-scrolling fusion-custom-z-index\" style=\"--awb-border-radius-top-left:0px;--awb-border-radius-top-right:0px;--awb-border-radius-bottom-right:0px;--awb-border-radius-bottom-left:0px;--awb-overflow:visible;--awb-z-index:1;--awb-padding-top:50px;--awb-padding-right:50px;--awb-padding-bottom:50px;--awb-padding-left:50.9915px;--awb-flex-wrap:wrap;\" ><div class=\"fusion-builder-row fusion-row fusion-flex-align-items-flex-start fusion-flex-content-wrap\" style=\"max-width:1248px;margin-left: calc(-4% \/ 2 );margin-right: calc(-4% \/ 2 );\"><div class=\"fusion-layout-column fusion_builder_column fusion-builder-column-0 fusion_builder_column_1_1 1_1 fusion-flex-column\" style=\"--awb-bg-size:cover;--awb-width-large:100%;--awb-margin-top-large:0px;--awb-spacing-right-large:1.92%;--awb-margin-bottom-large:20px;--awb-spacing-left-large:1.92%;--awb-width-medium:100%;--awb-order-medium:0;--awb-spacing-right-medium:1.92%;--awb-spacing-left-medium:1.92%;--awb-width-small:100%;--awb-order-small:0;--awb-spacing-right-small:1.92%;--awb-spacing-left-small:1.92%;\"><div class=\"fusion-column-wrapper fusion-column-has-shadow fusion-flex-justify-content-flex-start fusion-content-layout-column\"><div class=\"fusion-title title fusion-title-1 fusion-sep-none fusion-title-text fusion-title-size-one\"><h1 class=\"fusion-title-heading title-heading-left\" style=\"margin:0;\">Plan du site<\/h1><\/div><div class=\"fusion-text fusion-text-1\"><ul>\n<li><a href=\"\/fr\/\">Accueil<\/a><\/li>\n<li>Modules de formation\n<ul>\n<li><a href=\"\/fr\/module-sur-les-exigences-generales\/\">Exigences g\u00e9n\u00e9rales<\/a><\/li>\n<li><a href=\"\/fr\/norme-pour-linformation-et-les-communications\/\">Norme pour l\u2019information et les communications<\/a><\/li>\n<li><a href=\"\/fr\/norme-pour-lemploi\/\">Norme pour l\u2019emploi<\/a><\/li>\n<li><a href=\"\/fr\/norme-pour-le-transport\/\">Norme pour le transport<\/a><\/li>\n<li><a href=\"\/fr\/norme-pour-la-conception-des-espaces-publics\/\">Norme pour la conception des espaces publics<\/a><\/li>\n<li><a href=\"\/fr\/norme-daccessibilite-pour-les-services-a-la-clientele\/\">Norme d\u2019accessibilit\u00e9 pour les services \u00e0 la client\u00e8le<\/a><\/li>\n<\/ul>\n<\/li>\n<li><a href=\"\/fr\/ressources-supplementaires-de-formation\/\">Ressources suppl\u00e9mentaires de formation<br \/><\/a>\n<ul>\n<li><a href=\"\/fr\/installation-des-modules-de-formation-sur-votre-systeme-de-gestion-de-lapprentissage\/\">Installation des modules de formation sur votre Syst\u00e8me de gestion de l\u2019apprentissage<\/a><\/li>\n<li><a href=\"\/fr\/versions-telechargeables-des-videos-de-presentation\/\">Versions t\u00e9l\u00e9chargeables des vid\u00e9os de pr\u00e9sentation<\/a><\/li>\n<li><a href=\"\/fr\/ressources-au-sujet-du-code-des-droits-de-la-personne-de-lontario\/\">Ressources au sujet du Code des droits de la personne de l\u2019Ontario<\/a><\/li>\n<\/ul>\n<\/li>\n<li><a href=\"\/fr\/frequently-asked-questions\/\">FAQ<\/a><\/li>\n<li><a href=\"https:\/\/www.ontario.ca\/fr\/page\/accessibilite\" target=\"_blank\" rel=\"noopener noreferrer\">Accessibilit\u00e9<\/a><\/li>\n<li><a href=\"\/fr\/avis-de-non-responsabilite\/\">Confidentialit\u00e9<\/a><\/li>\n<li><a href=\"https:\/\/www.ontario.ca\/fr\/commentaires\/pour-nous-joindre\" target=\"_blank\" rel=\"noopener noreferrer\">Contactez-nous<\/a><\/li>\n<li><a href=\"\/fr\/terms-of-use\/\">Conditions d\u2019utilisation<\/a><\/li>\n<\/ul>\n<\/div><\/div><\/div><\/div><\/div>\n","protected":false},"excerpt":{"rendered":"","protected":false},"author":1,"featured_media":0,"parent":0,"menu_order":0,"comment_status":"closed","ping_status":"closed","template":"100-width.php","meta":{"footnotes":""},"class_list":["post-199","page","type-page","status-publish","hentry"],"_links":{"self":[{"href":"https:\/\/accessforward.ca\/fr\/wp-json\/wp\/v2\/pages\/199"}],"collection":[{"href":"https:\/\/accessforward.ca\/fr\/wp-json\/wp\/v2\/pages"}],"about":[{"href":"https:\/\/accessforward.ca\/fr\/wp-json\/wp\/v2\/types\/page"}],"author":[{"embeddable":true,"href":"https:\/\/accessforward.ca\/fr\/wp-json\/wp\/v2\/users\/1"}],"replies":[{"embeddable":true,"href":"https:\/\/accessforward.ca\/fr\/wp-json\/wp\/v2\/comments?post=199"}],"version-history":[{"count":11,"href":"https:\/\/accessforward.ca\/fr\/wp-json\/wp\/v2\/pages\/199\/revisions"}],"predecessor-version":[{"id":492,"href":"https:\/\/accessforward.ca\/fr\/wp-json\/wp\/v2\/pages\/199\/revisions\/492"}],"wp:attachment":[{"href":"https:\/\/accessforward.ca\/fr\/wp-json\/wp\/v2\/media?parent=199"}],"curies":[{"name":"wp","href":"https:\/\/api.w.org\/{rel}","templated":true}]}}