{"id":197,"date":"2023-05-19T16:41:55","date_gmt":"2023-05-19T20:41:55","guid":{"rendered":"https:\/\/gsiprd0210cc0494aodawebapwv8f23.azurewebsites.net\/ontario-human-rights-code-resources\/"},"modified":"2025-12-03T15:54:08","modified_gmt":"2025-12-03T20:54:08","slug":"ressources-au-sujet-du-code-des-droits-de-la-personne-de-lontario","status":"publish","type":"page","link":"https:\/\/accessforward.ca\/fr\/ressources-au-sujet-du-code-des-droits-de-la-personne-de-lontario\/","title":{"rendered":"Ressources au sujet du Code des droits de la personne de l\u2019Ontario"},"content":{"rendered":"<div class=\"fusion-fullwidth fullwidth-box fusion-builder-row-1 fusion-flex-container has-pattern-background has-mask-background nonhundred-percent-fullwidth non-hundred-percent-height-scrolling fusion-custom-z-index\" style=\"--awb-border-radius-top-left:0px;--awb-border-radius-top-right:0px;--awb-border-radius-bottom-right:0px;--awb-border-radius-bottom-left:0px;--awb-overflow:visible;--awb-z-index:1;--awb-padding-top:50px;--awb-padding-right:50px;--awb-padding-bottom:50px;--awb-padding-left:50.9915px;--awb-flex-wrap:wrap;\" ><div class=\"fusion-builder-row fusion-row fusion-flex-align-items-flex-start fusion-flex-content-wrap\" style=\"max-width:1248px;margin-left: calc(-4% \/ 2 );margin-right: calc(-4% \/ 2 );\"><div class=\"fusion-layout-column fusion_builder_column fusion-builder-column-0 fusion_builder_column_1_1 1_1 fusion-flex-column\" style=\"--awb-bg-size:cover;--awb-width-large:100%;--awb-margin-top-large:0px;--awb-spacing-right-large:1.92%;--awb-margin-bottom-large:20px;--awb-spacing-left-large:1.92%;--awb-width-medium:100%;--awb-order-medium:0;--awb-spacing-right-medium:1.92%;--awb-spacing-left-medium:1.92%;--awb-width-small:100%;--awb-order-small:0;--awb-spacing-right-small:1.92%;--awb-spacing-left-small:1.92%;\"><div class=\"fusion-column-wrapper fusion-column-has-shadow fusion-flex-justify-content-flex-start fusion-content-layout-column\"><div class=\"fusion-title title fusion-title-1 fusion-sep-none fusion-title-text fusion-title-size-one\"><h1 class=\"fusion-title-heading title-heading-left\" style=\"margin:0;\">Ressources au sujet du Code des droits de la personne de l\u2019Ontario<\/h1><\/div><div class=\"fusion-title title fusion-title-2 fusion-sep-none fusion-title-text fusion-title-size-two\" style=\"--awb-font-size:24px;\"><h2 class=\"fusion-title-heading title-heading-left\" style=\"margin:0;font-size:1em;\">Module de formation Code des droits de la personne de l\u2019Ontario \u2013 Travailler ensemble<\/h2><\/div><div class=\"fusion-text fusion-text-1\"><p>Le module de formation sur les dispositions du Code concernant les personnes handicap\u00e9es a \u00e9t\u00e9 con\u00e7u pour r\u00e9pondre \u00e0 l\u2019exigence formul\u00e9e \u00e0 l\u2019article 7 du RNAI. Il est affich\u00e9 sur le site Web de la Commission ontarienne des droits de la personne, aller \u00e0 : <a href=\"https:\/\/www.ohrc.on.ca\/fr\/apprentissage\/travailler-ensemble-le-code-des-droits-de-la-personne-de-lontario-et-la-lapho\" target=\"_blank\" rel=\"noopener noreferrer\" aria-label=\"Module de formation Travailler ensemble (ouvre dans un nouvel onglet)\">Module de formation Travailler ensemble<\/a><\/p>\n<\/div><div class=\"fusion-title title fusion-title-3 fusion-sep-none fusion-title-text fusion-title-size-two\" style=\"--awb-font-size:24px;\"><h2 class=\"fusion-title-heading title-heading-left\" style=\"margin:0;font-size:1em;\">Brochure \u00ab Les handicaps et les droits de la personne \u00bb<\/h2><\/div><div class=\"fusion-text fusion-text-2\"><p>Brochure facile \u00e0 lire d\u00e9crivant les exigences du Code \u00e0 l\u2019\u00e9gard des personnes handicap\u00e9es. Elle peut \u00eatre utilis\u00e9e comme ressource en compl\u00e9ment du module, ou par les petites organisations pour former leurs employ\u00e9s et b\u00e9n\u00e9voles. Elle est affich\u00e9e sur le site Web de la Commission ontarienne des droits de la personne, aller \u00e0 : <a href=\"https:\/\/www.ohrc.on.ca\/fr\/le-handicap-et-les-droits-de-la-personne-brochure-2016\" target=\"_blank\" rel=\"noopener noreferrer\" aria-label=\"Handicap et droits humains (brochure 2016) (ouvre dans un nouvel onglet)\">Handicap et droits humains (brochure 2016)<\/a><\/p>\n<\/div><div class=\"fusion-title title fusion-title-4 fusion-sep-none fusion-title-text fusion-title-size-two\" style=\"--awb-font-size:24px;\"><h2 class=\"fusion-title-heading title-heading-left\" style=\"margin:0;font-size:1em;\">Politique et directives concernant le handicap et l\u2019obligation d\u2019accommodement<\/h2><\/div><div class=\"fusion-text fusion-text-3\"><p>Document complet donnant des conseils pour interpr\u00e9ter et comprendre les dispositions du Code concernant les personnes handicap\u00e9es. Il indique comment les particuliers, employeurs, prestataires de services, d\u00e9cisionnaires et autres intervenants doivent veiller \u00e0 respecter le Code, de m\u00eame que leurs organisations. Visitez : <a href=\"https:\/\/www.ohrc.on.ca\/fr\/politique-sur-le-capacitisme-et-la-discrimination-fondee-sur-le-handicap\" target=\"_blank\" rel=\"noopener noreferrer\" aria-label=\"Politique et directives concernant le handicap et l\u2019obligation d\u2019accommodement (ouvre dans un nouvel onglet)\">Politique et directives concernant le handicap et l\u2019obligation d\u2019accommodement<\/a><\/p>\n<\/div><\/div><\/div><\/div><\/div>\n","protected":false},"excerpt":{"rendered":"","protected":false},"author":1,"featured_media":0,"parent":0,"menu_order":0,"comment_status":"closed","ping_status":"closed","template":"100-width.php","meta":{"footnotes":""},"class_list":["post-197","page","type-page","status-publish","hentry"],"_links":{"self":[{"href":"https:\/\/accessforward.ca\/fr\/wp-json\/wp\/v2\/pages\/197"}],"collection":[{"href":"https:\/\/accessforward.ca\/fr\/wp-json\/wp\/v2\/pages"}],"about":[{"href":"https:\/\/accessforward.ca\/fr\/wp-json\/wp\/v2\/types\/page"}],"author":[{"embeddable":true,"href":"https:\/\/accessforward.ca\/fr\/wp-json\/wp\/v2\/users\/1"}],"replies":[{"embeddable":true,"href":"https:\/\/accessforward.ca\/fr\/wp-json\/wp\/v2\/comments?post=197"}],"version-history":[{"count":7,"href":"https:\/\/accessforward.ca\/fr\/wp-json\/wp\/v2\/pages\/197\/revisions"}],"predecessor-version":[{"id":897,"href":"https:\/\/accessforward.ca\/fr\/wp-json\/wp\/v2\/pages\/197\/revisions\/897"}],"wp:attachment":[{"href":"https:\/\/accessforward.ca\/fr\/wp-json\/wp\/v2\/media?parent=197"}],"curies":[{"name":"wp","href":"https:\/\/api.w.org\/{rel}","templated":true}]}}