{"id":187,"date":"2023-05-19T14:45:41","date_gmt":"2023-05-19T18:45:41","guid":{"rendered":"https:\/\/gsiprd0210cc0494aodawebapwv8f23.azurewebsites.net\/downloadable-versions-of-the-introductory-videos\/"},"modified":"2025-12-03T11:51:23","modified_gmt":"2025-12-03T16:51:23","slug":"versions-telechargeables-des-videos-de-presentation","status":"publish","type":"page","link":"https:\/\/accessforward.ca\/fr\/versions-telechargeables-des-videos-de-presentation\/","title":{"rendered":"Versions t\u00e9l\u00e9chargeables des vid\u00e9os de pr\u00e9sentation"},"content":{"rendered":"<div class=\"fusion-fullwidth fullwidth-box fusion-builder-row-1 fusion-flex-container has-pattern-background has-mask-background nonhundred-percent-fullwidth non-hundred-percent-height-scrolling fusion-custom-z-index\" style=\"--awb-border-radius-top-left:0px;--awb-border-radius-top-right:0px;--awb-border-radius-bottom-right:0px;--awb-border-radius-bottom-left:0px;--awb-overflow:visible;--awb-z-index:1;--awb-padding-top:50px;--awb-padding-bottom:50px;--awb-flex-wrap:wrap;\" ><div class=\"fusion-builder-row fusion-row fusion-flex-align-items-flex-start fusion-flex-content-wrap\" style=\"max-width:1248px;margin-left: calc(-4% \/ 2 );margin-right: calc(-4% \/ 2 );\"><div class=\"fusion-layout-column fusion_builder_column fusion-builder-column-0 fusion_builder_column_1_1 1_1 fusion-flex-column\" style=\"--awb-bg-size:cover;--awb-width-large:100%;--awb-margin-top-large:0px;--awb-spacing-right-large:1.92%;--awb-margin-bottom-large:20px;--awb-spacing-left-large:1.92%;--awb-width-medium:100%;--awb-order-medium:0;--awb-spacing-right-medium:1.92%;--awb-spacing-left-medium:1.92%;--awb-width-small:100%;--awb-order-small:0;--awb-spacing-right-small:1.92%;--awb-spacing-left-small:1.92%;\"><div class=\"fusion-column-wrapper fusion-column-has-shadow fusion-flex-justify-content-flex-start fusion-content-layout-column\"><div class=\"fusion-title title fusion-title-1 fusion-sep-none fusion-title-text fusion-title-size-one\"><h1 class=\"fusion-title-heading title-heading-left\" style=\"margin:0;\">Versions t\u00e9l\u00e9chargeables des vid\u00e9os de pr\u00e9sentation<\/h1><\/div><div class=\"fusion-text fusion-text-1\"><p>T\u00e9l\u00e9chargez les courtes vid\u00e9os de pr\u00e9sentation des modules pour les utiliser dans les pr\u00e9sentations de groupe.<\/p>\n<\/div>\n<div class=\"table-2\">\n<table width=\"100%\">\n<thead>\n<tr>\n<th align=\"left\" width=\"35%\">Module de formation<\/th>\n<th align=\"left\" width=\"20%\">Vid\u00e9o avec fichier de sous-titres<\/th>\n<th align=\"left\" width=\"25%\">Vid\u00e9o avec l\u00e9gendes incorpor\u00e9es<\/th>\n<th align=\"left\" width=\"25%\">Transcription de la vid\u00e9o<\/th>\n<\/tr>\n<\/thead>\n<tbody>\n<tr style=\"background-color: #ffffff;\">\n<td align=\"left\">Exigences g\u00e9n\u00e9rales<\/td>\n<td align=\"left\"><a href=\"\/wp-content\/uploads\/2024\/11\/Vers-laccessibilite-Exigences-generales.zip\" aria-label=\"T\u00e9l\u00e9chargez la vid\u00e9o Exigences g\u00e9n\u00e9rales avec sous-titres\">T\u00e9l\u00e9chargez la vid\u00e9o<\/a><\/td>\n<td align=\"left\"><a href=\"\/video\/Vers-laccessibilite-Exigences-generales-Sous-titre.zip\" aria-label=\"Vid\u00e9o Exigences g\u00e9n\u00e9rales avec l\u00e9gendes incorpor\u00e9es\">Vid\u00e9o avec l\u00e9gendes incorpor\u00e9es<\/a><\/td>\n<td align=\"left\"><a href=\"\/wp-content\/uploads\/2024\/11\/Transcription-Exigences-Generales.pdf\" target=\"_blank\" rel=\"noopener noreferrer\" aria-label=\"T\u00e9l\u00e9charger la transcription des exigences g\u00e9n\u00e9rales (ouvre dans un nouvel onglet)\">T\u00e9l\u00e9chargez la transcription<\/a><\/td>\n<\/tr>\n<tr style=\"background-color: #f9f9f9;\">\n<td align=\"left\">Norme pour l&rsquo;information et des communications<\/td>\n<td align=\"left\"><a href=\"\/wp-content\/uploads\/2024\/11\/Vers-laccessibilite-Norme-daccessibilite-de-linformation-et-des-communications.zip\" aria-label=\"T\u00e9l\u00e9chargez la vid\u00e9o Vers-laccessibilite Norme daccessibilite de linformation et des communications avec sous-titres\">T\u00e9l\u00e9chargez la vid\u00e9o<\/a><\/td>\n<td align=\"left\"><a href=\"\/video\/Vers-laccessibilite-Norme-daccessibilite-de-linformation-et-des-communications-Sous-titre.zip\" aria-label=\"Vid\u00e9o Norme pour l'information et les communications avec l\u00e9gendes incorpor\u00e9es\">Vid\u00e9o avec l\u00e9gendes incorpor\u00e9es<\/a><\/td>\n<td align=\"left\"><a href=\"\/wp-content\/uploads\/2024\/11\/Transcription-Norme-pour-linformation-et-les-communications.pdf\" target=\"_blank\" rel=\"noopener noreferrer\" aria-label=\"T\u00e9l\u00e9charger la transcription des Norme pour l\u2019information et des communications (ouvre dans un nouvel onglet)\">T\u00e9l\u00e9chargez la transcription<\/a><\/td>\n<\/tr>\n<tr style=\"background-color: #ffffff;\">\n<td align=\"left\">Norme pour l\u2019emploi<\/td>\n<td align=\"left\"><a href=\"\/wp-content\/uploads\/2024\/11\/Vers-laccessibilite-Norme-daccessibilite-a-lemploi.zip\" aria-label=\"T\u00e9l\u00e9chargez la vid\u00e9o Vers laccessibilite Norme daccessibilite a lemploi avec sous-titres\">T\u00e9l\u00e9chargez la vid\u00e9o<\/a><\/td>\n<td align=\"left\"><a href=\"\/video\/Vers-laccessibilite-Norme-daccessibilite-a-lemploi-Sous-titre.zip\" aria-label=\"Vid\u00e9o Norme pour l'emploi avec l\u00e9gendes incorpor\u00e9es\">Vid\u00e9o avec l\u00e9gendes incorpor\u00e9es<\/a><\/td>\n<td align=\"left\"><a href=\"\/wp-content\/uploads\/2024\/11\/Transcription-Norme-pour-lemploi.pdf\" target=\"_blank\" rel=\"noopener noreferrer\" aria-label=\"T\u00e9l\u00e9charger la transcription des Norme pour l\u2019emploi (ouvre dans un nouvel onglet)\">T\u00e9l\u00e9chargez la transcription<\/a><\/td>\n<\/tr>\n<tr style=\"background-color: #f9f9f9;\">\n<td align=\"left\">Norme pour le transport<\/td>\n<td align=\"left\"><a href=\"\/wp-content\/uploads\/2024\/11\/Vers-laccessibilite-Norme-daccessibilite-pour-le-transport.zip\" aria-label=\"T\u00e9l\u00e9chargez la vid\u00e9o Norme pour le transport avec sous-titres\">T\u00e9l\u00e9chargez la vid\u00e9o<\/a><\/td>\n<td align=\"left\"><a href=\"\/video\/Vers-laccessibilite-Norme-daccessibilite-pour-le-transport-Sous-titre.zip\" aria-label=\"Vid\u00e9o Norme pour le transport avec l\u00e9gendes incorpor\u00e9es\">Vid\u00e9o avec l\u00e9gendes incorpor\u00e9es<\/a><\/td>\n<td align=\"left\"><a href=\"\/wp-content\/uploads\/2024\/11\/Transcription-Norme-pour-le-transport.pdf\" target=\"_blank\" rel=\"noopener noreferrer\" aria-label=\"T\u00e9l\u00e9charger la transcription des Norme pour le transport (ouvre dans un nouvel onglet)\">T\u00e9l\u00e9chargez la transcription<\/a><\/td>\n<\/tr>\n<tr style=\"background-color: #ffffff;\">\n<td align=\"left\">Norme d&rsquo;accessibilit\u00e9 pour la conception des espaces publics<\/td>\n<td align=\"left\"><a href=\"\/wp-content\/uploads\/2024\/11\/Vers-laccessibilite-Norme-daccessibilite-pour-la-conception-des-espaces-publics.zip\" aria-label=\"T\u00e9l\u00e9chargez la vid\u00e9o Vers laccessibilite Norme daccessibilite pour la conception des espaces publics avec sous-titres\">T\u00e9l\u00e9chargez la vid\u00e9o<\/a><\/td>\n<td align=\"left\"><a href=\"\/video\/Vers-laccessibilite-Norme-daccessibilite-pour-la-conception-des-espaces-publics-Sous-titre.zip\" aria-label=\"Vid\u00e9o Norme pour la conception des espaces publics avec l\u00e9gendes incorpor\u00e9es\">Vid\u00e9o avec l\u00e9gendes incorpor\u00e9es<\/a><\/td>\n<td align=\"left\"><a href=\"\/wp-content\/uploads\/2024\/11\/Transcription-Norme-d_accessibilite-pour-la-conception-des-espaces-publics.pdf\" target=\"_blank\" rel=\"noopener noreferrer\" aria-label=\"T\u00e9l\u00e9charger la transcription des Norme d\u2019accessibilit\u00e9 pour la conception des espaces publics (ouvre dans un nouvel onglet)\">T\u00e9l\u00e9chargez la transcription<\/a><\/td>\n<\/tr>\n<tr style=\"background-color: #f9f9f9;\">\n<td align=\"left\">Norme d&rsquo;accessibilit\u00e9 pour la services \u00e0 la client\u00e8le<\/td>\n<td align=\"left\"><a href=\"\/wp-content\/uploads\/2024\/11\/Vers-laccessibilite-Norme-daccessibilite-pour-les-services-a-la-clientele.zip\" aria-label=\"T\u00e9l\u00e9chargez la vid\u00e9o Vers laccessibilite Norme-daccessibilite pour les services a la clientele avec sous-titres\">T\u00e9l\u00e9chargez la vid\u00e9o<\/a><\/td>\n<td align=\"left\"><a href=\"\/video\/Vers-laccessibilite-Norme-daccessibilite-pour-les-services-a-la-clientele-Sous-titre.zip\" aria-label=\"Vid\u00e9o Norme pour les services \u00e0 la client\u00e8le avec l\u00e9gendes incorpor\u00e9es\">Vid\u00e9o avec l\u00e9gendes incorpor\u00e9es<\/a><\/td>\n<td align=\"left\"><a href=\"\/wp-content\/uploads\/2024\/11\/Transcription-Norme-d_accessibilite-pour-les-services-a-la-clientele.pdf\" target=\"_blank\" rel=\"noopener noreferrer\" aria-label=\"T\u00e9l\u00e9charger la transcription des Norme d\u2019accessibilit\u00e9 pour la services \u00e0 la client\u00e8le (ouvre dans un nouvel onglet)\">T\u00e9l\u00e9chargez la transcription<\/a><\/td>\n<\/tr>\n<\/tbody>\n<\/table>\n<\/div>\n<\/div><\/div><\/div><\/div>\n","protected":false},"excerpt":{"rendered":"","protected":false},"author":1,"featured_media":0,"parent":0,"menu_order":0,"comment_status":"closed","ping_status":"closed","template":"100-width.php","meta":{"footnotes":""},"class_list":["post-187","page","type-page","status-publish","hentry"],"_links":{"self":[{"href":"https:\/\/accessforward.ca\/fr\/wp-json\/wp\/v2\/pages\/187"}],"collection":[{"href":"https:\/\/accessforward.ca\/fr\/wp-json\/wp\/v2\/pages"}],"about":[{"href":"https:\/\/accessforward.ca\/fr\/wp-json\/wp\/v2\/types\/page"}],"author":[{"embeddable":true,"href":"https:\/\/accessforward.ca\/fr\/wp-json\/wp\/v2\/users\/1"}],"replies":[{"embeddable":true,"href":"https:\/\/accessforward.ca\/fr\/wp-json\/wp\/v2\/comments?post=187"}],"version-history":[{"count":14,"href":"https:\/\/accessforward.ca\/fr\/wp-json\/wp\/v2\/pages\/187\/revisions"}],"predecessor-version":[{"id":857,"href":"https:\/\/accessforward.ca\/fr\/wp-json\/wp\/v2\/pages\/187\/revisions\/857"}],"wp:attachment":[{"href":"https:\/\/accessforward.ca\/fr\/wp-json\/wp\/v2\/media?parent=187"}],"curies":[{"name":"wp","href":"https:\/\/api.w.org\/{rel}","templated":true}]}}